{"id":7198,"date":"2020-12-21T11:05:45","date_gmt":"2020-12-21T11:05:45","guid":{"rendered":"https:\/\/palomerasbajas.org\/newweb\/?page_id=7198"},"modified":"2024-09-25T16:43:42","modified_gmt":"2024-09-25T16:43:42","slug":"aviso-legal","status":"publish","type":"page","link":"https:\/\/palomerasbajas.org\/wp\/aviso-legal\/","title":{"rendered":"Aviso legal"},"content":{"rendered":"\t\t<div data-elementor-type=\"wp-page\" data-elementor-id=\"7198\" class=\"elementor elementor-7198\">\n\t\t\t\t\t\t<section class=\"elementor-section elementor-top-section elementor-element elementor-element-7b53000f elementor-section-stretched elementor-section-boxed elementor-section-height-default elementor-section-height-default\" data-id=\"7b53000f\" data-element_type=\"section\" data-e-type=\"section\" data-settings=\"{&quot;stretch_section&quot;:&quot;section-stretched&quot;,&quot;background_background&quot;:&quot;classic&quot;}\">\n\t\t\t\t\t\t\t<div class=\"elementor-background-overlay\"><\/div>\n\t\t\t\t\t\t\t<div class=\"elementor-container elementor-column-gap-default\">\n\t\t\t\t\t<div class=\"elementor-column elementor-col-33 elementor-top-column elementor-element elementor-element-4b9d79fc\" data-id=\"4b9d79fc\" data-element_type=\"column\" data-e-type=\"column\">\n\t\t\t<div class=\"elementor-widget-wrap\">\n\t\t\t\t\t\t\t<\/div>\n\t\t<\/div>\n\t\t\t\t<div class=\"elementor-column elementor-col-33 elementor-top-column elementor-element elementor-element-244fa2cd\" data-id=\"244fa2cd\" data-element_type=\"column\" data-e-type=\"column\" data-settings=\"{&quot;background_background&quot;:&quot;classic&quot;}\">\n\t\t\t<div class=\"elementor-widget-wrap elementor-element-populated\">\n\t\t\t\t\t\t<div class=\"elementor-element elementor-element-eb36803 elementor-widget elementor-widget-heading\" data-id=\"eb36803\" data-element_type=\"widget\" data-e-type=\"widget\" data-widget_type=\"heading.default\">\n\t\t\t\t<div class=\"elementor-widget-container\">\n\t\t\t\t\t<h1 class=\"elementor-heading-title elementor-size-default\">Aviso legal<\/h1>\t\t\t\t<\/div>\n\t\t\t\t<\/div>\n\t\t\t\t\t<\/div>\n\t\t<\/div>\n\t\t\t\t<div class=\"elementor-column elementor-col-33 elementor-top-column elementor-element elementor-element-6c508621\" data-id=\"6c508621\" data-element_type=\"column\" data-e-type=\"column\">\n\t\t\t<div class=\"elementor-widget-wrap\">\n\t\t\t\t\t\t\t<\/div>\n\t\t<\/div>\n\t\t\t\t\t<\/div>\n\t\t<\/section>\n\t\t\t\t<section class=\"elementor-section elementor-top-section elementor-element elementor-element-7db4143c elementor-section-content-middle elementor-section-boxed elementor-section-height-default elementor-section-height-default\" data-id=\"7db4143c\" data-element_type=\"section\" data-e-type=\"section\" data-settings=\"{&quot;background_background&quot;:&quot;classic&quot;}\">\n\t\t\t\t\t\t\t<div class=\"elementor-background-overlay\"><\/div>\n\t\t\t\t\t\t\t<div class=\"elementor-container elementor-column-gap-no\">\n\t\t\t\t\t<div class=\"elementor-column elementor-col-100 elementor-top-column elementor-element elementor-element-3141bd8a\" data-id=\"3141bd8a\" data-element_type=\"column\" data-e-type=\"column\">\n\t\t\t<div class=\"elementor-widget-wrap elementor-element-populated\">\n\t\t\t\t\t\t<div class=\"elementor-element elementor-element-350fe2be elementor-widget elementor-widget-heading\" data-id=\"350fe2be\" data-element_type=\"widget\" data-e-type=\"widget\" data-widget_type=\"heading.default\">\n\t\t\t\t<div class=\"elementor-widget-container\">\n\t\t\t\t\t<h4 class=\"elementor-heading-title elementor-size-default\">Aviso legal <\/h4>\t\t\t\t<\/div>\n\t\t\t\t<\/div>\n\t\t\t\t\t<\/div>\n\t\t<\/div>\n\t\t\t\t\t<\/div>\n\t\t<\/section>\n\t\t\t\t<section class=\"elementor-section elementor-top-section elementor-element elementor-element-1e6a0b4a elementor-section-boxed elementor-section-height-default elementor-section-height-default\" data-id=\"1e6a0b4a\" data-element_type=\"section\" data-e-type=\"section\">\n\t\t\t\t\t\t<div class=\"elementor-container elementor-column-gap-default\">\n\t\t\t\t\t<div class=\"elementor-column elementor-col-100 elementor-top-column elementor-element elementor-element-634c4604\" data-id=\"634c4604\" data-element_type=\"column\" data-e-type=\"column\">\n\t\t\t<div class=\"elementor-widget-wrap elementor-element-populated\">\n\t\t\t\t\t\t<div class=\"elementor-element elementor-element-37c9cf4f elementor-widget elementor-widget-text-editor\" data-id=\"37c9cf4f\" data-element_type=\"widget\" data-e-type=\"widget\" data-widget_type=\"text-editor.default\">\n\t\t\t\t<div class=\"elementor-widget-container\">\n\t\t\t\t\t\t\t\t\t<p><\/p>\n<p>DATOS DE CONTACTO<\/p>\n<p>Responsable: AMPA CP Palomeras Bajas.<\/p>\n<p>DNI\/CIF: G80238728.<\/p>\n<p>Direcci\u00f3n: calle Felipe de Diego, 6, 28018 Madrid<\/p>\n<p>Email: ampa@palomerasbajas.org<\/p>\n<p>CONDICIONES DE USO<\/p>\n<p><span style=\"font-size: 16px; color: var( --e-global-color-text );\">El AMPA CEIP Palomeras Bajas no se responsabiliza de cualquier da\u00f1o o perjuicio en el \u00absoftware\u00bb o \u00abhardware\u00bb del usuario que se derive del acceso a su publicaci\u00f3n digital o del uso de informaci\u00f3n o aplicaciones en ella contenidas.<\/span><\/p>\n<p>El AMPA se reserva la facultad de efectuar, en cualquier momento, modificaciones en la informaci\u00f3n contenida en su publicaci\u00f3n digital, as\u00ed como de suspender su acceso en cualquier momento y sin previo aviso. Sin perjuicio de lo anterior, el AMPA no se compromete a la actualizaci\u00f3n inmediata de la informaci\u00f3n contenida en la publicaci\u00f3n digital. Tampoco asumir\u00e1 ninguna responsabilidad jur\u00eddica ante posibles fallos tipogr\u00e1ficos.<\/p>\n<p>Esta web, a fin de ofrecer informaci\u00f3n al usuario, contiene enlaces con p\u00e1ginas externas. El AMPA no asume responsabilidad alguna derivada de los contenidos que terceras partes tengan en los enlaces a los que se hace referencia en estas p\u00e1ginas.<\/p>\n<p><\/p>\n<p><\/p>\n<p><span style=\"font-size: 16px; color: var( --e-global-color-text );\">POL\u00cdTICA DE PROTECCI\u00d3N DE DATOS<\/span><\/p>\n<p><\/p>\n<p><\/p>\n<p>Puedes consultar en este\u00a0<a href=\"https:\/\/palomerasbajas.org\/newweb\/politica-de-privacidad-y-proteccion-de-datos\/\" target=\"_blank\" rel=\"noopener\">enlace\u00a0<\/a>la pol\u00edtica de protecci\u00f3n y privacidad de datos<\/p>\n<p><\/p>\t\t\t\t\t\t\t\t<\/div>\n\t\t\t\t<\/div>\n\t\t\t\t\t<\/div>\n\t\t<\/div>\n\t\t\t\t\t<\/div>\n\t\t<\/section>\n\t\t\t\t<section class=\"elementor-section elementor-top-section elementor-element elementor-element-431ddac9 elementor-section-content-middle elementor-section-boxed elementor-section-height-default elementor-section-height-default\" data-id=\"431ddac9\" data-element_type=\"section\" data-e-type=\"section\" data-settings=\"{&quot;background_background&quot;:&quot;classic&quot;}\">\n\t\t\t\t\t\t\t<div class=\"elementor-background-overlay\"><\/div>\n\t\t\t\t\t\t\t<div class=\"elementor-container elementor-column-gap-no\">\n\t\t\t\t\t<div class=\"elementor-column elementor-col-66 elementor-top-column elementor-element elementor-element-6ca501e5\" data-id=\"6ca501e5\" data-element_type=\"column\" data-e-type=\"column\">\n\t\t\t<div class=\"elementor-widget-wrap elementor-element-populated\">\n\t\t\t\t\t\t<div class=\"elementor-element elementor-element-8b95384 elementor-widget elementor-widget-heading\" data-id=\"8b95384\" data-element_type=\"widget\" data-e-type=\"widget\" data-widget_type=\"heading.default\">\n\t\t\t\t<div class=\"elementor-widget-container\">\n\t\t\t\t\t<h3 class=\"elementor-heading-title elementor-size-default\">Muchas gracias por tu colaboraci\u00f3n <\/h3>\t\t\t\t<\/div>\n\t\t\t\t<\/div>\n\t\t\t\t<div class=\"elementor-element elementor-element-63bdd490 elementor-widget-divider--view-line elementor-widget elementor-widget-divider\" data-id=\"63bdd490\" data-element_type=\"widget\" data-e-type=\"widget\" data-widget_type=\"divider.default\">\n\t\t\t\t<div class=\"elementor-widget-container\">\n\t\t\t\t\t\t\t<div class=\"elementor-divider\">\n\t\t\t<span class=\"elementor-divider-separator\">\n\t\t\t\t\t\t<\/span>\n\t\t<\/div>\n\t\t\t\t\t\t<\/div>\n\t\t\t\t<\/div>\n\t\t\t\t<div class=\"elementor-element elementor-element-33832d26 elementor-widget elementor-widget-heading\" data-id=\"33832d26\" data-element_type=\"widget\" data-e-type=\"widget\" data-widget_type=\"heading.default\">\n\t\t\t\t<div class=\"elementor-widget-container\">\n\t\t\t\t\t<h3 class=\"elementor-heading-title elementor-size-default\">Recuerda que puedes contactarnos para cualquier duda envi\u00e1ndonos un email a:<br><br>ampa@palomerasbajas.org.es <br> <br>www.palomerasbajas.org<\/h3>\t\t\t\t<\/div>\n\t\t\t\t<\/div>\n\t\t\t\t\t<\/div>\n\t\t<\/div>\n\t\t\t\t<div class=\"elementor-column elementor-col-33 elementor-top-column elementor-element elementor-element-749cf13f\" data-id=\"749cf13f\" data-element_type=\"column\" data-e-type=\"column\">\n\t\t\t<div class=\"elementor-widget-wrap elementor-element-populated\">\n\t\t\t\t\t\t<div class=\"elementor-element elementor-element-1e23a5b0 elementor-widget elementor-widget-image\" data-id=\"1e23a5b0\" data-element_type=\"widget\" data-e-type=\"widget\" data-widget_type=\"image.default\">\n\t\t\t\t<div class=\"elementor-widget-container\">\n\t\t\t\t\t\t\t\t\t\t\t\t\t\t\t<img fetchpriority=\"high\" decoding=\"async\" width=\"400\" height=\"240\" src=\"https:\/\/palomerasbajas.org\/wp\/wp-content\/uploads\/2020\/11\/Mini-5.jpg\" class=\"attachment-full size-full wp-image-4856\" alt=\"\" srcset=\"https:\/\/palomerasbajas.org\/wp\/wp-content\/uploads\/2020\/11\/Mini-5.jpg 400w, https:\/\/palomerasbajas.org\/wp\/wp-content\/uploads\/2020\/11\/Mini-5-300x180.jpg 300w\" sizes=\"(max-width: 400px) 100vw, 400px\" \/>\t\t\t\t\t\t\t\t\t\t\t\t\t\t\t<\/div>\n\t\t\t\t<\/div>\n\t\t\t\t\t<\/div>\n\t\t<\/div>\n\t\t\t\t\t<\/div>\n\t\t<\/section>\n\t\t\t\t<\/div>\n\t\t","protected":false},"excerpt":{"rendered":"<p>Aviso legal Aviso legal DATOS DE CONTACTO Responsable: AMPA CP Palomeras Bajas. DNI\/CIF: G80238728. Direcci\u00f3n: calle Felipe de Diego, 6, 28018 Madrid Email: ampa@palomerasbajas.org CONDICIONES DE USO El AMPA CEIP Palomeras Bajas no se responsabiliza de cualquier da\u00f1o o perjuicio en el \u00absoftware\u00bb o \u00abhardware\u00bb del usuario que se derive del acceso a su publicaci\u00f3n [&hellip;]<\/p>\n","protected":false},"author":2,"featured_media":0,"parent":0,"menu_order":0,"comment_status":"closed","ping_status":"closed","template":"","meta":{"_seopress_robots_primary_cat":"","_seopress_titles_title":"","_seopress_titles_desc":"","_seopress_robots_index":"","ocean_post_layout":"","ocean_both_sidebars_style":"","ocean_both_sidebars_content_width":0,"ocean_both_sidebars_sidebars_width":0,"ocean_sidebar":"0","ocean_second_sidebar":"0","ocean_disable_margins":"on","ocean_add_body_class":"","ocean_shortcode_before_top_bar":"","ocean_shortcode_after_top_bar":"","ocean_shortcode_before_header":"","ocean_shortcode_after_header":"","ocean_has_shortcode":"","ocean_shortcode_after_title":"","ocean_shortcode_before_footer_widgets":"","ocean_shortcode_after_footer_widgets":"","ocean_shortcode_before_footer_bottom":"","ocean_shortcode_after_footer_bottom":"","ocean_display_top_bar":"off","ocean_display_header":"off","ocean_header_style":"","ocean_center_header_left_menu":"0","ocean_custom_header_template":"0","ocean_custom_logo":0,"ocean_custom_retina_logo":0,"ocean_custom_logo_max_width":0,"ocean_custom_logo_tablet_max_width":0,"ocean_custom_logo_mobile_max_width":0,"ocean_custom_logo_max_height":0,"ocean_custom_logo_tablet_max_height":0,"ocean_custom_logo_mobile_max_height":0,"ocean_header_custom_menu":"0","ocean_menu_typo_font_family":"0","ocean_menu_typo_font_subset":"","ocean_menu_typo_font_size":0,"ocean_menu_typo_font_size_tablet":0,"ocean_menu_typo_font_size_mobile":0,"ocean_menu_typo_font_size_unit":"px","ocean_menu_typo_font_weight":"","ocean_menu_typo_font_weight_tablet":"","ocean_menu_typo_font_weight_mobile":"","ocean_menu_typo_transform":"","ocean_menu_typo_transform_tablet":"","ocean_menu_typo_transform_mobile":"","ocean_menu_typo_line_height":0,"ocean_menu_typo_line_height_tablet":0,"ocean_menu_typo_line_height_mobile":0,"ocean_menu_typo_line_height_unit":"","ocean_menu_typo_spacing":0,"ocean_menu_typo_spacing_tablet":0,"ocean_menu_typo_spacing_mobile":0,"ocean_menu_typo_spacing_unit":"","ocean_menu_link_color":"","ocean_menu_link_color_hover":"","ocean_menu_link_color_active":"","ocean_menu_link_background":"","ocean_menu_link_hover_background":"","ocean_menu_link_active_background":"","ocean_menu_social_links_bg":"","ocean_menu_social_hover_links_bg":"","ocean_menu_social_links_color":"","ocean_menu_social_hover_links_color":"","ocean_disable_title":"default","ocean_disable_heading":"default","ocean_post_title":"","ocean_post_subheading":"","ocean_post_title_style":"","ocean_post_title_background_color":"","ocean_post_title_background":0,"ocean_post_title_bg_image_position":"","ocean_post_title_bg_image_attachment":"","ocean_post_title_bg_image_repeat":"","ocean_post_title_bg_image_size":"","ocean_post_title_height":0,"ocean_post_title_bg_overlay":0.5,"ocean_post_title_bg_overlay_color":"","ocean_disable_breadcrumbs":"default","ocean_breadcrumbs_color":"","ocean_breadcrumbs_separator_color":"","ocean_breadcrumbs_links_color":"","ocean_breadcrumbs_links_hover_color":"","ocean_display_footer_widgets":"default","ocean_display_footer_bottom":"default","ocean_custom_footer_template":"0","footnotes":""},"class_list":["post-7198","page","type-page","status-publish","hentry","entry"],"_links":{"self":[{"href":"https:\/\/palomerasbajas.org\/wp\/wp-json\/wp\/v2\/pages\/7198","targetHints":{"allow":["GET"]}}],"collection":[{"href":"https:\/\/palomerasbajas.org\/wp\/wp-json\/wp\/v2\/pages"}],"about":[{"href":"https:\/\/palomerasbajas.org\/wp\/wp-json\/wp\/v2\/types\/page"}],"author":[{"embeddable":true,"href":"https:\/\/palomerasbajas.org\/wp\/wp-json\/wp\/v2\/users\/2"}],"replies":[{"embeddable":true,"href":"https:\/\/palomerasbajas.org\/wp\/wp-json\/wp\/v2\/comments?post=7198"}],"version-history":[{"count":16,"href":"https:\/\/palomerasbajas.org\/wp\/wp-json\/wp\/v2\/pages\/7198\/revisions"}],"predecessor-version":[{"id":10213,"href":"https:\/\/palomerasbajas.org\/wp\/wp-json\/wp\/v2\/pages\/7198\/revisions\/10213"}],"wp:attachment":[{"href":"https:\/\/palomerasbajas.org\/wp\/wp-json\/wp\/v2\/media?parent=7198"}],"curies":[{"name":"wp","href":"https:\/\/api.w.org\/{rel}","templated":true}]}}